{"id":79,"date":"2019-09-27T11:57:35","date_gmt":"2019-09-27T09:57:35","guid":{"rendered":"http:\/\/pr-eau-tech.fr\/index.php\/portfolio\/"},"modified":"2025-04-25T13:59:21","modified_gmt":"2025-04-25T11:59:21","slug":"portfolio","status":"publish","type":"page","link":"https:\/\/pr-eau-tech.fr\/index.php\/portfolio\/","title":{"rendered":"Pour la meilleure qualit\u00e9 de nos interventions"},"content":{"rendered":"\n<p class=\"has-very-light-gray-color has-text-color has-small-font-size\">    &#8230; <\/p>\n\n\n<div class=\"wp-block-image\">\n<figure class=\"aligncenter size-large is-resized\"><img loading=\"lazy\" decoding=\"async\" width=\"1024\" height=\"181\" src=\"https:\/\/pr-eau-tech.fr\/wp-content\/uploads\/2024\/07\/PREAU-TECH-Certifications-1024x181.png\" alt=\"\" class=\"wp-image-922\" style=\"width:596px;height:auto\" srcset=\"https:\/\/pr-eau-tech.fr\/wp-content\/uploads\/2024\/07\/PREAU-TECH-Certifications-1024x181.png 1024w, https:\/\/pr-eau-tech.fr\/wp-content\/uploads\/2024\/07\/PREAU-TECH-Certifications-300x53.png 300w, https:\/\/pr-eau-tech.fr\/wp-content\/uploads\/2024\/07\/PREAU-TECH-Certifications-768x136.png 768w, https:\/\/pr-eau-tech.fr\/wp-content\/uploads\/2024\/07\/PREAU-TECH-Certifications-1536x271.png 1536w, https:\/\/pr-eau-tech.fr\/wp-content\/uploads\/2024\/07\/PREAU-TECH-Certifications-2048x361.png 2048w\" sizes=\"(max-width: 1024px) 100vw, 1024px\" \/><\/figure><\/div>\n\n\n<p class=\"has-medium-font-size\"><\/p>\n\n\n\n<div class=\"wp-block-group alignfull has-background\" style=\"background-color:#f5eac1;padding-top:6vw;padding-right:6vw;padding-bottom:6vw;padding-left:6vw\"><div class=\"wp-block-group__inner-container is-layout-flow wp-block-group-is-layout-flow\">\n<h6 class=\"wp-block-heading has-text-color\" id=\"ecosystem\" style=\"color:#000000;font-size:20px\"><strong>Depuis 2011, notre d\u00e9marche qualit\u00e9 et environnementale, soumise \u00e0 des audits annuels et une attention constante, nous a permis d&rsquo;optimiser nos process d&rsquo;organisation et d&rsquo;intervention.<\/strong><\/h6>\n\n\n\n<ul>\n<li style=\"font-style:normal;font-weight:400\"><h6><span style=\"font-size: revert; font-weight: revert;\">Nous disposons des <strong>qualifications professionnelles d\u00e9livr\u00e9es par QUALIBAT.<\/strong> <\/span><\/h6><\/li>\n\n\n\n<li style=\"font-style:normal;font-weight:400\"><h6><strong>Notre Syst\u00e8me de Management est certifi\u00e9 ISO 9001, <\/strong>qui \u00e9tablit les exigences relatives \u00e0 un Syst\u00e8me de Management de la Qualit\u00e9 (SMQ) et am\u00e9liore en permanence la satisfaction de nos clients.&nbsp;<\/h6><\/li>\n\n\n\n<li style=\"font-style:normal;font-weight:400\"><h6><strong>Notre Syst\u00e8me de Management est \u00e9galement certifi\u00e9 ISO 14001<\/strong>, qui \u00e9tablit les exigences relatives \u00e0 un Syst\u00e8me de Management Environnemental (SME), permettant ainsi de r\u00e9duire et de ma\u00eetriser nos impacts quotidiens sur l&rsquo;environnement et de pr\u00e9server notre plan\u00e8te. <\/h6><\/li>\n\n\n\n<li style=\"font-style:normal;font-weight:400\"><h6><strong>PR&rsquo;EAU TECH Plomberie est labellis\u00e9 Engag\u00e9 RSE au niveau Exemplaire par Afnor Certification<\/strong>. Nous sommes l\u2019une des premi\u00e8res entreprises fran\u00e7aises labellis\u00e9es\u00a0<a href=\"https:\/\/pr-eau-tech.fr\/index.php\/engage-rse-exemplaire\/\">\u00ab\u00a0Engag\u00e9 RSE\u00a0\u00bb et \u00ab\u00a0Responsability Europe\u00a0\u00bb au niveau Exemplaire<\/a>, le plus haut niveau de ce label, dans notre domaine d\u2019activit\u00e9. Conscients de l\u2019enjeu climatique et des objectifs de D\u00e9veloppement Durable promis par l\u2019ONU pour l\u2019agenda 2030, nous attestons de la maturit\u00e9 et la performance de notre syst\u00e8me de management pour r\u00e9pondre aux enjeux de demain et anticiper d\u00e8s aujourd\u2019hui l\u2019arriv\u00e9e de nos m\u00e9tiers bas carbone.<br>Nous sommes \u00e9galement tr\u00e8s attach\u00e9s \u00e0 suivre notre\u00a0<strong>Charte d\u2019Engagement RSE<\/strong><span style=\"color: #333333;\"> : <\/span><a style=\"font-weight: 400; font-size: 18px;\" href=\"https:\/\/pr-eau-tech.fr\/wp-content\/uploads\/2025\/04\/Charte-dengagement-2025.pdf\">Charte d&rsquo;engagement 2025<\/a><\/h6><\/li>\n<\/ul>\n<\/div><\/div>\n\n\n\n<p class=\"has-black-color has-text-color has-link-color wp-elements-4a5483cef50357ea31648fbcbce527ff\" style=\"font-size:20px\"><\/p>\n","protected":false},"excerpt":{"rendered":"<p>&#8230; Depuis 2011, notre d\u00e9marche qualit\u00e9 et environnementale, soumise \u00e0 des audits annuels et une attention constante, nous a permis d&rsquo;optimiser nos process d&rsquo;organisation et d&rsquo;intervention.<\/p>\n","protected":false},"author":1,"featured_media":0,"parent":0,"menu_order":0,"comment_status":"closed","ping_status":"closed","template":"template\/template-page-full-width.php","meta":{"footnotes":""},"_links":{"self":[{"href":"https:\/\/pr-eau-tech.fr\/index.php\/wp-json\/wp\/v2\/pages\/79"}],"collection":[{"href":"https:\/\/pr-eau-tech.fr\/index.php\/wp-json\/wp\/v2\/pages"}],"about":[{"href":"https:\/\/pr-eau-tech.fr\/index.php\/wp-json\/wp\/v2\/types\/page"}],"author":[{"embeddable":true,"href":"https:\/\/pr-eau-tech.fr\/index.php\/wp-json\/wp\/v2\/users\/1"}],"replies":[{"embeddable":true,"href":"https:\/\/pr-eau-tech.fr\/index.php\/wp-json\/wp\/v2\/comments?post=79"}],"version-history":[{"count":68,"href":"https:\/\/pr-eau-tech.fr\/index.php\/wp-json\/wp\/v2\/pages\/79\/revisions"}],"predecessor-version":[{"id":952,"href":"https:\/\/pr-eau-tech.fr\/index.php\/wp-json\/wp\/v2\/pages\/79\/revisions\/952"}],"wp:attachment":[{"href":"https:\/\/pr-eau-tech.fr\/index.php\/wp-json\/wp\/v2\/media?parent=79"}],"curies":[{"name":"wp","href":"https:\/\/api.w.org\/{rel}","templated":true}]}}