{"id":78,"date":"2019-09-27T11:57:35","date_gmt":"2019-09-27T09:57:35","guid":{"rendered":"http:\/\/pr-eau-tech.fr\/index.php\/contact\/"},"modified":"2022-04-22T06:12:56","modified_gmt":"2022-04-22T04:12:56","slug":"contact","status":"publish","type":"page","link":"https:\/\/pr-eau-tech.fr\/index.php\/contact\/","title":{"rendered":"N\u2019h\u00e9sitez pas \u00e0 prendre contact !"},"content":{"rendered":"\n<p><strong>Notre mission de conseil est primordiale, pour comprendre vos d\u00e9sirs et chiffrer exactement, \u00e0 un prix comp\u00e9titif, la r\u00e9alisation de vos travaux.<\/strong><\/p>\n\n\n\n<p>Ensemble, nous \u00e9tudions les meilleures options pour r\u00e9pondre \u00e0 vos souhaits et \u00e0 vos exigences. Apr\u00e8s analyse de votre projet de cr\u00e9ation ou de r\u00e9novation par nos \u00e9quipes de professionnels, un devis d\u00e9taill\u00e9 pour une&nbsp;intervention vous est transmis. Cette demande de devis est gratuite et ne vous engage nullement \u00e0 effectuer des travaux.<\/p>\n\n\n\n<p><strong>Les activit\u00e9s de l\u2019entreprise s\u2019\u00e9tendent sur Paris et toute l\u2019Ile de France. Egalement dans toute la France pour les chantiers ponctuels.&nbsp;<\/strong>La soci\u00e9t\u00e9 PR&rsquo;EAU TECH est aujourd\u2019hui implant\u00e9e \u00e0 Chevilly-Larue (94) o\u00f9 se trouvent ses bureaux, ses ateliers et ses d\u00e9p\u00f4ts.<\/p>\n\n\n\n<p>Ainsi, nous garantissons \u00e0 nos clients le double objectif d\u2019une satisfaction totale et d\u2019un travail de qualit\u00e9.&nbsp;Pour r\u00e9pondre au mieux \u00e0 vos attentes, n\u2019h\u00e9sitez pas \u00e0 t\u00e9l\u00e9phoner \u00e0 notre agence&#8230;<\/p>\n\n\n\n<figure class=\"wp-block-gallery columns-0 is-cropped wp-block-gallery-1 is-layout-flex wp-block-gallery-is-layout-flex\"><ul class=\"blocks-gallery-grid\"><\/ul><\/figure>\n\n\n\n<figure class=\"wp-block-gallery columns-0 is-cropped wp-block-gallery-2 is-layout-flex wp-block-gallery-is-layout-flex\"><ul class=\"blocks-gallery-grid\"><\/ul><\/figure>\n\n\n\n<p><\/p>\n\n\n\n<p><\/p>\n\n\n\n<div class=\"wp-block-image\"><figure class=\"alignleft is-resized\"><img loading=\"lazy\" decoding=\"async\" src=\"https:\/\/alc548715930.files.wordpress.com\/2018\/09\/mailbox-icon-copie.png?w=825\" alt=\"mailbox-icon copie\" class=\"wp-image-31\" width=\"148\" height=\"183\"\/><\/figure><\/div>\n\n\n\n<p><strong>Adresse postale :<\/strong><\/p>\n\n\n\n<p><strong>PR&rsquo;EAU TECH<br>5 rue Henri Dunant<br>94550 Chevilly Larue<\/strong><\/p>\n\n\n\n<p><\/p>\n\n\n\n<p><\/p>\n\n\n\n<div class=\"wp-block-image\"><figure class=\"alignright is-resized\"><img loading=\"lazy\" decoding=\"async\" src=\"https:\/\/monsoti875473909.files.wordpress.com\/2018\/09\/contact-e1536949898541.png?w=194&amp;h=150\" alt=\"contact\" class=\"wp-image-60\" width=\"167\" height=\"129\"\/><\/figure><\/div>\n\n\n\n<p class=\"has-text-align-right\"><strong><br>T\u00e9l : +33 (0)6 61 06 07 10<br>E-mail : contact@pr-eau-tech.fr<br>Site :&nbsp;<a href=\"http:\/\/www.alc.fr\/\">http:\/\/www.pr-eau-tech.fr<\/a><\/strong><\/p>\n\n\n\n<div class=\"wp-block-group\"><div class=\"wp-block-group__inner-container is-layout-flow wp-block-group-is-layout-flow\">\n<div class=\"wp-block-group\"><div class=\"wp-block-group__inner-container is-layout-flow wp-block-group-is-layout-flow\">\n<p><br><br><br><\/p>\n<\/div><\/div>\n\n\n\n<div class=\"wp-block-group has-black-color has-text-color has-background is-layout-flow wp-block-group-is-layout-flow\" style=\"background:linear-gradient(73deg,rgb(250,250,250) 0%,rgb(249,252,253) 46%,rgb(161,159,163) 100%)\"><div class=\"wp-block-group__inner-container\"><\/div><\/div>\n\n\n\n<p><\/p>\n<\/div><\/div>\n\n\n\n<p><\/p>\n","protected":false},"excerpt":{"rendered":"<p>Notre mission de conseil est primordiale, pour comprendre vos d\u00e9sirs et chiffrer exactement, \u00e0 un prix comp\u00e9titif, la r\u00e9alisation de vos travaux. Ensemble, nous \u00e9tudions les meilleures options pour r\u00e9pondre \u00e0 vos souhaits et \u00e0 vos exigences. Apr\u00e8s analyse de votre projet de cr\u00e9ation ou de r\u00e9novation par nos \u00e9quipes de professionnels, un devis d\u00e9taill\u00e9<\/p><\/div>\n<div class=\"blog-btn\"><a href=\"https:\/\/pr-eau-tech.fr\/index.php\/contact\/\" class=\"home-blog-btn\">Lire la suite<\/a><\/p>\n","protected":false},"author":1,"featured_media":0,"parent":0,"menu_order":0,"comment_status":"closed","ping_status":"closed","template":"template\/template-contact.php","meta":{"footnotes":""},"_links":{"self":[{"href":"https:\/\/pr-eau-tech.fr\/index.php\/wp-json\/wp\/v2\/pages\/78"}],"collection":[{"href":"https:\/\/pr-eau-tech.fr\/index.php\/wp-json\/wp\/v2\/pages"}],"about":[{"href":"https:\/\/pr-eau-tech.fr\/index.php\/wp-json\/wp\/v2\/types\/page"}],"author":[{"embeddable":true,"href":"https:\/\/pr-eau-tech.fr\/index.php\/wp-json\/wp\/v2\/users\/1"}],"replies":[{"embeddable":true,"href":"https:\/\/pr-eau-tech.fr\/index.php\/wp-json\/wp\/v2\/comments?post=78"}],"version-history":[{"count":32,"href":"https:\/\/pr-eau-tech.fr\/index.php\/wp-json\/wp\/v2\/pages\/78\/revisions"}],"predecessor-version":[{"id":802,"href":"https:\/\/pr-eau-tech.fr\/index.php\/wp-json\/wp\/v2\/pages\/78\/revisions\/802"}],"wp:attachment":[{"href":"https:\/\/pr-eau-tech.fr\/index.php\/wp-json\/wp\/v2\/media?parent=78"}],"curies":[{"name":"wp","href":"https:\/\/api.w.org\/{rel}","templated":true}]}}